{"id":895,"date":"2025-03-15T15:38:18","date_gmt":"2025-03-15T14:38:18","guid":{"rendered":"https:\/\/pocradio.ovh\/?page_id=895"},"modified":"2025-03-26T10:04:26","modified_gmt":"2025-03-26T09:04:26","slug":"disclaimer-legale","status":"publish","type":"page","link":"https:\/\/pocradio.ovh\/index.php\/disclaimer-legale\/","title":{"rendered":"Disclaimer Legale"},"content":{"rendered":"<h2>DISCLAIMER LEGALE<\/h2>\t\t\t\t\n\t\t\n<blockquote class=\"is-layout-flow wp-block-quote-is-layout-flow\">\n<pre><strong>\"PoC Radio Italia non \u00e8 una testata giornalistica. Viene aggiornato senza alcuna periodicit\u00e0 fissa e non pu\u00f2 pertanto essere considerato un prodotto editoriale ai sensi della Legge n. 62 del 7 marzo 2001.\"<\/strong><\/pre>\n<\/blockquote>\n\n<p>Il presente sito web <em>PoC Radio Italia<\/em> non \u00e8 una testata giornalistica ai sensi della legge n. 62 del 7 marzo 2001. Non ha carattere di periodicit\u00e0 fissa e i suoi contenuti vengono aggiornati senza alcuna regolarit\u00e0. Pertanto, non pu\u00f2 essere considerato un prodotto editoriale ai sensi della normativa vigente.<\/p>\n\n<p>Tutti i contenuti pubblicati su questo sito sono frutto di ricerca, passione e condivisione tra gli utenti e gli appassionati del settore. Le informazioni fornite sono da intendersi a scopo puramente informativo e divulgativo. Il sito non \u00e8 responsabile per eventuali inesattezze, omissioni o interpretazioni errate dei contenuti pubblicati.<\/p>\n\n<p>Eventuali marchi, loghi e immagini presenti su <em>PoC Radio Italia<\/em> appartengono ai rispettivi proprietari. Se qualcuno ritenesse che un contenuto pubblicato violi diritti di copyright o di altra natura, \u00e8 pregato di contattarci tempestivamente per la rimozione o la modifica del materiale interessato.<\/p>\n\n<p>Per qualsiasi informazione o segnalazione, puoi contattarci all\u2019indirizzo info[at]pocradio.ovh, grazie.<\/p>\n","protected":false},"excerpt":{"rendered":"<p>DISCLAIMER LEGALE &#8220;PoC Radio Italia non \u00e8 una testata giornalistica. Viene aggiornato senza alcuna periodicit\u00e0 fissa e non pu\u00f2 pertanto essere considerato un prodotto editoriale ai sensi della Legge n. 62 del 7 marzo 2001.&#8221; Il presente sito web PoC Radio Italia non \u00e8 una testata giornalistica ai sensi della legge n. 62 del 7 [&hellip;]<\/p>\n","protected":false},"author":1,"featured_media":0,"parent":0,"menu_order":0,"comment_status":"closed","ping_status":"closed","template":"page-templates\/pagebuilder.php","meta":{"footnotes":""},"class_list":["post-895","page","type-page","status-publish","hentry"],"yoast_head":"<!-- This site is optimized with the Yoast SEO plugin v27.6 - https:\/\/yoast.com\/product\/yoast-seo-wordpress\/ -->\n<title>Disclaimer Legale -<\/title>\n<meta name=\"robots\" content=\"index, follow, max-snippet:-1, max-image-preview:large, max-video-preview:-1\" \/>\n<link rel=\"canonical\" href=\"https:\/\/pocradio.ovh\/index.php\/disclaimer-legale\/\" \/>\n<meta property=\"og:locale\" content=\"it_IT\" \/>\n<meta property=\"og:type\" content=\"article\" \/>\n<meta property=\"og:title\" content=\"Disclaimer Legale -\" \/>\n<meta property=\"og:description\" content=\"DISCLAIMER LEGALE &quot;PoC Radio Italia non \u00e8 una testata giornalistica. Viene aggiornato senza alcuna periodicit\u00e0 fissa e non pu\u00f2 pertanto essere considerato un prodotto editoriale ai sensi della Legge n. 62 del 7 marzo 2001.&quot; Il presente sito web PoC Radio Italia non \u00e8 una testata giornalistica ai sensi della legge n. 62 del 7 [&hellip;]\" \/>\n<meta property=\"og:url\" content=\"https:\/\/pocradio.ovh\/index.php\/disclaimer-legale\/\" \/>\n<meta property=\"article:modified_time\" content=\"2025-03-26T09:04:26+00:00\" \/>\n<meta name=\"twitter:card\" content=\"summary_large_image\" \/>\n<script type=\"application\/ld+json\" class=\"yoast-schema-graph\">{\"@context\":\"https:\\\/\\\/schema.org\",\"@graph\":[{\"@type\":\"WebPage\",\"@id\":\"https:\\\/\\\/pocradio.ovh\\\/index.php\\\/disclaimer-legale\\\/\",\"url\":\"https:\\\/\\\/pocradio.ovh\\\/index.php\\\/disclaimer-legale\\\/\",\"name\":\"Disclaimer Legale -\",\"isPartOf\":{\"@id\":\"https:\\\/\\\/pocradio.ovh\\\/#website\"},\"datePublished\":\"2025-03-15T14:38:18+00:00\",\"dateModified\":\"2025-03-26T09:04:26+00:00\",\"breadcrumb\":{\"@id\":\"https:\\\/\\\/pocradio.ovh\\\/index.php\\\/disclaimer-legale\\\/#breadcrumb\"},\"inLanguage\":\"it-IT\",\"potentialAction\":[{\"@type\":\"ReadAction\",\"target\":[\"https:\\\/\\\/pocradio.ovh\\\/index.php\\\/disclaimer-legale\\\/\"]}]},{\"@type\":\"BreadcrumbList\",\"@id\":\"https:\\\/\\\/pocradio.ovh\\\/index.php\\\/disclaimer-legale\\\/#breadcrumb\",\"itemListElement\":[{\"@type\":\"ListItem\",\"position\":1,\"name\":\"Home\",\"item\":\"https:\\\/\\\/pocradio.ovh\\\/\"},{\"@type\":\"ListItem\",\"position\":2,\"name\":\"Disclaimer Legale\"}]},{\"@type\":\"WebSite\",\"@id\":\"https:\\\/\\\/pocradio.ovh\\\/#website\",\"url\":\"https:\\\/\\\/pocradio.ovh\\\/\",\"name\":\"POC RADIO ITALIA\",\"description\":\"\",\"publisher\":{\"@id\":\"https:\\\/\\\/pocradio.ovh\\\/#organization\"},\"potentialAction\":[{\"@type\":\"SearchAction\",\"target\":{\"@type\":\"EntryPoint\",\"urlTemplate\":\"https:\\\/\\\/pocradio.ovh\\\/?s={search_term_string}\"},\"query-input\":{\"@type\":\"PropertyValueSpecification\",\"valueRequired\":true,\"valueName\":\"search_term_string\"}}],\"inLanguage\":\"it-IT\"},{\"@type\":\"Organization\",\"@id\":\"https:\\\/\\\/pocradio.ovh\\\/#organization\",\"name\":\"POC RADIO ITALIA\",\"url\":\"https:\\\/\\\/pocradio.ovh\\\/\",\"logo\":{\"@type\":\"ImageObject\",\"inLanguage\":\"it-IT\",\"@id\":\"https:\\\/\\\/pocradio.ovh\\\/#\\\/schema\\\/logo\\\/image\\\/\",\"url\":\"https:\\\/\\\/pocradio.ovh\\\/wp-content\\\/uploads\\\/2025\\\/02\\\/logo.png\",\"contentUrl\":\"https:\\\/\\\/pocradio.ovh\\\/wp-content\\\/uploads\\\/2025\\\/02\\\/logo.png\",\"width\":756,\"height\":729,\"caption\":\"POC RADIO ITALIA\"},\"image\":{\"@id\":\"https:\\\/\\\/pocradio.ovh\\\/#\\\/schema\\\/logo\\\/image\\\/\"}}]}<\/script>\n<!-- \/ Yoast SEO plugin. -->","yoast_head_json":{"title":"Disclaimer Legale -","robots":{"index":"index","follow":"follow","max-snippet":"max-snippet:-1","max-image-preview":"max-image-preview:large","max-video-preview":"max-video-preview:-1"},"canonical":"https:\/\/pocradio.ovh\/index.php\/disclaimer-legale\/","og_locale":"it_IT","og_type":"article","og_title":"Disclaimer Legale -","og_description":"DISCLAIMER LEGALE \"PoC Radio Italia non \u00e8 una testata giornalistica. Viene aggiornato senza alcuna periodicit\u00e0 fissa e non pu\u00f2 pertanto essere considerato un prodotto editoriale ai sensi della Legge n. 62 del 7 marzo 2001.\" Il presente sito web PoC Radio Italia non \u00e8 una testata giornalistica ai sensi della legge n. 62 del 7 [&hellip;]","og_url":"https:\/\/pocradio.ovh\/index.php\/disclaimer-legale\/","article_modified_time":"2025-03-26T09:04:26+00:00","twitter_card":"summary_large_image","schema":{"@context":"https:\/\/schema.org","@graph":[{"@type":"WebPage","@id":"https:\/\/pocradio.ovh\/index.php\/disclaimer-legale\/","url":"https:\/\/pocradio.ovh\/index.php\/disclaimer-legale\/","name":"Disclaimer Legale -","isPartOf":{"@id":"https:\/\/pocradio.ovh\/#website"},"datePublished":"2025-03-15T14:38:18+00:00","dateModified":"2025-03-26T09:04:26+00:00","breadcrumb":{"@id":"https:\/\/pocradio.ovh\/index.php\/disclaimer-legale\/#breadcrumb"},"inLanguage":"it-IT","potentialAction":[{"@type":"ReadAction","target":["https:\/\/pocradio.ovh\/index.php\/disclaimer-legale\/"]}]},{"@type":"BreadcrumbList","@id":"https:\/\/pocradio.ovh\/index.php\/disclaimer-legale\/#breadcrumb","itemListElement":[{"@type":"ListItem","position":1,"name":"Home","item":"https:\/\/pocradio.ovh\/"},{"@type":"ListItem","position":2,"name":"Disclaimer Legale"}]},{"@type":"WebSite","@id":"https:\/\/pocradio.ovh\/#website","url":"https:\/\/pocradio.ovh\/","name":"POC RADIO ITALIA","description":"","publisher":{"@id":"https:\/\/pocradio.ovh\/#organization"},"potentialAction":[{"@type":"SearchAction","target":{"@type":"EntryPoint","urlTemplate":"https:\/\/pocradio.ovh\/?s={search_term_string}"},"query-input":{"@type":"PropertyValueSpecification","valueRequired":true,"valueName":"search_term_string"}}],"inLanguage":"it-IT"},{"@type":"Organization","@id":"https:\/\/pocradio.ovh\/#organization","name":"POC RADIO ITALIA","url":"https:\/\/pocradio.ovh\/","logo":{"@type":"ImageObject","inLanguage":"it-IT","@id":"https:\/\/pocradio.ovh\/#\/schema\/logo\/image\/","url":"https:\/\/pocradio.ovh\/wp-content\/uploads\/2025\/02\/logo.png","contentUrl":"https:\/\/pocradio.ovh\/wp-content\/uploads\/2025\/02\/logo.png","width":756,"height":729,"caption":"POC RADIO ITALIA"},"image":{"@id":"https:\/\/pocradio.ovh\/#\/schema\/logo\/image\/"}}]}},"rttpg_featured_image_url":null,"rttpg_author":{"display_name":"STAFF","author_link":"https:\/\/pocradio.ovh\/index.php\/author\/loddo-enricogmail-com\/"},"rttpg_comment":0,"rttpg_category":null,"rttpg_excerpt":"DISCLAIMER LEGALE \"PoC Radio Italia non \u00e8 una testata giornalistica. Viene aggiornato senza alcuna periodicit\u00e0 fissa e non pu\u00f2 pertanto essere considerato un prodotto editoriale ai sensi della Legge n. 62 del 7 marzo 2001.\" Il presente sito web PoC Radio Italia non \u00e8 una testata giornalistica ai sensi della legge n. 62 del 7&hellip;","_links":{"self":[{"href":"https:\/\/pocradio.ovh\/index.php\/wp-json\/wp\/v2\/pages\/895","targetHints":{"allow":["GET"]}}],"collection":[{"href":"https:\/\/pocradio.ovh\/index.php\/wp-json\/wp\/v2\/pages"}],"about":[{"href":"https:\/\/pocradio.ovh\/index.php\/wp-json\/wp\/v2\/types\/page"}],"author":[{"embeddable":true,"href":"https:\/\/pocradio.ovh\/index.php\/wp-json\/wp\/v2\/users\/1"}],"replies":[{"embeddable":true,"href":"https:\/\/pocradio.ovh\/index.php\/wp-json\/wp\/v2\/comments?post=895"}],"version-history":[{"count":12,"href":"https:\/\/pocradio.ovh\/index.php\/wp-json\/wp\/v2\/pages\/895\/revisions"}],"predecessor-version":[{"id":2088,"href":"https:\/\/pocradio.ovh\/index.php\/wp-json\/wp\/v2\/pages\/895\/revisions\/2088"}],"wp:attachment":[{"href":"https:\/\/pocradio.ovh\/index.php\/wp-json\/wp\/v2\/media?parent=895"}],"curies":[{"name":"wp","href":"https:\/\/api.w.org\/{rel}","templated":true}]}}